{"id":505,"date":"2022-06-01T13:19:22","date_gmt":"2022-06-01T11:19:22","guid":{"rendered":"http:\/\/www.telecomponentienergy.com\/demo\/?post_type=product&#038;p=505"},"modified":"2022-06-01T13:20:03","modified_gmt":"2022-06-01T11:20:03","slug":"serie-pte-fo-muf24sc-72sn-48sc-144sn-72sc-216sn-96sc-288sn","status":"publish","type":"product","link":"http:\/\/www.telecomponentienergy.com\/demo\/prodotto\/serie-pte-fo-muf24sc-72sn-48sc-144sn-72sc-216sn-96sc-288sn\/","title":{"rendered":"Serie PTE\/FO-MUF24SC-72SN-48SC-144SN-72SC-216SN-96SC-288SN"},"content":{"rendered":"<p>Muffola di giunzione\/estrazione per cavi in fibra ottica<\/p>\n<p>Caratteristiche Tecniche:<br \/>\n\u2022 Materiale corpo muffola : polipropilene autoestinguente anti UV.<br \/>\n\u2022 Materiale struttura interna : lamiera di ferro zincata elettroliticamente.<br \/>\n\u2022 Grado di protezione IP 67 secondo IEC 529.<\/p>\n<p>Caratteristiche Funzionali:<br \/>\nLa muffola \u00e8 costituita da una base e da un coperchio a sezione semicircolare con design innovativo che ne esalta la maneggevolezza e compattezza, permettendone l\u2019installazione corretta in spazi ridotti.<br \/>\nIMPIEGO: la muffola mediante opportuni accessori pu\u00f2 essere configurata come muffola Pothead, muffola di linea e muffola di estrazione. Al suo interno pu\u00f2 consentire anche la gestione delle singole fibre oppure del singolo nucleo, per cui non si verifica interferenza sui circuiti gi\u00e0 esistenti durante i normali interventi di manutenzione e\/o riconfigurazione della rete.<br \/>\nIMGOMBRO: la sezione in pianta della muffola \u00e8 una semicirconferenza avente dimensioni di 323&#215;192 mm.<br \/>\nL\u2019ingombro in altezza \u00e8 funzione della potenzialit\u00e0 (da 360 a 585 mm). La particolare forma e le dimensioni ridotte la rendono adatta ad installazioni in pozzetti minimi anche in pi\u00f9 di un esemplare nonch\u00e9 per posa a palo o come box ottico, data la numerosit\u00e0 e la versatilit\u00e0 degli imbocchi dei cavi di cui \u00e8 dotata la base.<br \/>\nIMPILABILI\u00c0: in caso di esigenze impiantistiche variabili nel tempo, \u00e8 possibile ampliare successivamente capacit\u00e0 e funzioni della muffola aggiungendo ulteriori supporti per le schede di gestione delle fibre. I supporti sono costituiti da pacchetti modulo ad innesto, ognuno dei quali pu\u00f2 essere equipaggiato con n\u00b06 schede per la gestione della singola fibra (h=4 mm) o con n\u00b03 schede per la gestione del singolo nucleo. Evidentemente va adeguata la dimensione del guscio di chiusura (passando da quello pi\u00f9 piccolo di 290 di altezza a quello di 490 mm).<\/p>\n<p>Composizione Kit standard muffola:<br \/>\n-Base semicircolare.<br \/>\n-Telaio interno di supporto moduli.<br \/>\n-Piatto di gestione in-out fibre (vano d\u2019accesso) completo di coperchio. -N\u00b04 blocchetti di separazione fibre.<br \/>\n-Collare di serraggio base-coperchio.<br \/>\n-Guarnizione tra base e coperchio.<br \/>\n-Fascetta in velcro.<br \/>\n-Valvola di pressurizzazione.<br \/>\n-Istruzioni per l\u2019installazione.<\/p>\n<table border=\"0\" width=\"760\" cellspacing=\"0\" cellpadding=\"0\">\n<tbody>\n<tr>\n<td align=\"center\" width=\"275\"><b>Dimensioni esterne (mm)<\/b><\/td>\n<td align=\"center\"><b>Prodotto<\/b><\/td>\n<td align=\"center\"><b>Codice<\/b><\/td>\n<\/tr>\n<tr>\n<td align=\"center\" width=\"275\">L=323<br \/>\nH=360<br \/>\nP=192<\/td>\n<td align=\"center\">PTE\/FO-MUF24SC-72SN<\/td>\n<td align=\"center\" width=\"152\">702166<\/td>\n<\/tr>\n<tr>\n<td align=\"center\" width=\"275\">L=323<br \/>\nH=435<br \/>\nP=192<\/td>\n<td align=\"center\">PTE\/FO-MUF48SC-144SN<\/td>\n<td align=\"center\" width=\"152\">MTLC048<\/td>\n<\/tr>\n<tr>\n<td align=\"center\" width=\"275\">L=323<br \/>\nH=515<br \/>\nP=192<\/td>\n<td align=\"center\">PTE\/FO-MUF72SC-216SN<\/td>\n<td align=\"center\" width=\"152\">MTLC072<\/td>\n<\/tr>\n<tr>\n<td align=\"center\" width=\"275\">L=323<br \/>\nH=585<br \/>\nP=192<\/td>\n<td align=\"center\">PTE\/FO-MUF96SC-288SN<\/td>\n<td align=\"center\" width=\"152\">MTLC096<\/td>\n<\/tr>\n<\/tbody>\n<\/table>\n","protected":false},"excerpt":{"rendered":"<p>Muffola di giunzione\/estrazione per cavi in fibra ottica Caratteristiche Tecniche: \u2022 Materiale corpo muffola : polipropilene autoestinguente anti UV. \u2022 Materiale struttura interna : lamiera di ferro zincata elettroliticamente. \u2022 Grado di protezione IP 67 secondo IEC 529. Caratteristiche Funzionali: La muffola \u00e8 costituita da una base e da un coperchio a sezione semicircolare con [&hellip;]<\/p>\n","protected":false},"featured_media":508,"comment_status":"open","ping_status":"closed","template":"","meta":[],"product_cat":[33],"product_tag":[],"class_list":{"0":"post-505","1":"product","2":"type-product","3":"status-publish","4":"has-post-thumbnail","6":"product_cat-serie-pte-fo","8":"first","9":"instock","10":"shipping-taxable","11":"product-type-simple"},"_links":{"self":[{"href":"http:\/\/www.telecomponentienergy.com\/demo\/wp-json\/wp\/v2\/product\/505","targetHints":{"allow":["GET"]}}],"collection":[{"href":"http:\/\/www.telecomponentienergy.com\/demo\/wp-json\/wp\/v2\/product"}],"about":[{"href":"http:\/\/www.telecomponentienergy.com\/demo\/wp-json\/wp\/v2\/types\/product"}],"replies":[{"embeddable":true,"href":"http:\/\/www.telecomponentienergy.com\/demo\/wp-json\/wp\/v2\/comments?post=505"}],"wp:featuredmedia":[{"embeddable":true,"href":"http:\/\/www.telecomponentienergy.com\/demo\/wp-json\/wp\/v2\/media\/508"}],"wp:attachment":[{"href":"http:\/\/www.telecomponentienergy.com\/demo\/wp-json\/wp\/v2\/media?parent=505"}],"wp:term":[{"taxonomy":"product_cat","embeddable":true,"href":"http:\/\/www.telecomponentienergy.com\/demo\/wp-json\/wp\/v2\/product_cat?post=505"},{"taxonomy":"product_tag","embeddable":true,"href":"http:\/\/www.telecomponentienergy.com\/demo\/wp-json\/wp\/v2\/product_tag?post=505"}],"curies":[{"name":"wp","href":"https:\/\/api.w.org\/{rel}","templated":true}]}}